{"id":100,"date":"2018-12-30T19:39:00","date_gmt":"2018-12-30T18:39:00","guid":{"rendered":"http:\/\/www.creativmetall-modritsch.de\/wordpress\/?page_id=100"},"modified":"2018-12-30T19:42:36","modified_gmt":"2018-12-30T18:42:36","slug":"accessoires","status":"publish","type":"page","link":"http:\/\/www.creativmetall-modritsch.de\/wordpress\/accessoires\/","title":{"rendered":"Accessoires"},"content":{"rendered":"\t\t<div data-elementor-type=\"wp-post\" data-elementor-id=\"100\" class=\"elementor elementor-100 elementor-bc-flex-widget\">\n\t\t\t\t\t\t<div class=\"elementor-inner\">\n\t\t\t\t<div class=\"elementor-section-wrap\">\n\t\t\t\t\t\t\t\t\t<section class=\"elementor-section elementor-top-section elementor-element elementor-element-86f271a elementor-section-boxed elementor-section-height-default elementor-section-height-default\" data-id=\"86f271a\" data-element_type=\"section\">\n\t\t\t\t\t\t<div class=\"elementor-container elementor-column-gap-default\">\n\t\t\t\t\t\t\t<div class=\"elementor-row\">\n\t\t\t\t\t<div class=\"elementor-column elementor-col-100 elementor-top-column elementor-element elementor-element-f44c94a\" data-id=\"f44c94a\" data-element_type=\"column\">\n\t\t\t<div class=\"elementor-column-wrap elementor-element-populated\">\n\t\t\t\t\t\t\t<div class=\"elementor-widget-wrap\">\n\t\t\t\t\t\t<div class=\"elementor-element elementor-element-bf1e5f6 elementor-widget elementor-widget-text-editor\" data-id=\"bf1e5f6\" data-element_type=\"widget\" data-widget_type=\"text-editor.default\">\n\t\t\t\t<div class=\"elementor-widget-container\">\n\t\t\t\t\t\t\t\t<div class=\"elementor-text-editor elementor-clearfix\">\n\t\t\t\t<center>Au\u00dfergew\u00f6hnliche Design &#8211; Kaminholzablage aus feinstem geschliffenen Edelstahl 1,5mm<\/center><center>Die Funktionalit\u00e4t kombiniert mit exclusivem Design steht hier im Vordergund.<\/center>\t\t\t\t\t<\/div>\n\t\t\t\t\t\t<\/div>\n\t\t\t\t<\/div>\n\t\t\t\t<div class=\"elementor-element elementor-element-938ee3d elementor-widget elementor-widget-image\" data-id=\"938ee3d\" data-element_type=\"widget\" data-widget_type=\"image.default\">\n\t\t\t\t<div class=\"elementor-widget-container\">\n\t\t\t\t\t\t\t\t<div class=\"elementor-image\">\n\t\t\t\t\t\t\t\t\t\t\t\t<img decoding=\"async\" src=\"http:\/\/www.creativmetall-modritsch.de\/wordpress\/wp-content\/uploads\/elementor\/thumbs\/holzkorb2-o1amkvcwik0q5kmdlsuyzcki8p7vesylsjmhig1ywg.jpg\" title=\"holzkorb2\" alt=\"holzkorb2\" loading=\"lazy\" \/>\t\t\t\t\t\t\t\t\t\t\t\t\t\t<\/div>\n\t\t\t\t\t\t<\/div>\n\t\t\t\t<\/div>\n\t\t\t\t<div class=\"elementor-element elementor-element-5b8859a elementor-widget elementor-widget-text-editor\" data-id=\"5b8859a\" data-element_type=\"widget\" data-widget_type=\"text-editor.default\">\n\t\t\t\t<div class=\"elementor-widget-container\">\n\t\t\t\t\t\t\t\t<div class=\"elementor-text-editor elementor-clearfix\">\n\t\t\t\t<center>Durch die perfekt und stabil verarbeiteten ergonomischen Haltegriffe ist es auch m\u00f6glich gr\u00f6\u00dfere Mengen Holz zu transportieren.<\/center><center><br \/>Jeder Kaminkorb ist ein Unikat und ein absoluter Blickfang an Ihrem Kamin.<\/center><center><br \/>Ma\u00dfe ca.<br \/>Breite 64cm<br \/>H\u00f6he 40cm<br \/>Tiefe 40cm<\/center>\t\t\t\t\t<\/div>\n\t\t\t\t\t\t<\/div>\n\t\t\t\t<\/div>\n\t\t\t\t<div class=\"elementor-element elementor-element-f355960 elementor-widget elementor-widget-image\" data-id=\"f355960\" data-element_type=\"widget\" data-widget_type=\"image.default\">\n\t\t\t\t<div class=\"elementor-widget-container\">\n\t\t\t\t\t\t\t\t<div class=\"elementor-image\">\n\t\t\t\t\t\t\t\t\t\t\t\t<img decoding=\"async\" src=\"http:\/\/www.creativmetall-modritsch.de\/wordpress\/wp-content\/uploads\/elementor\/thumbs\/holzkorb2-o1amkvcwik0q5kmdlsuyzcki8p7vesylsjmhig1ywg.jpg\" title=\"holzkorb2\" alt=\"holzkorb2\" loading=\"lazy\" \/>\t\t\t\t\t\t\t\t\t\t\t\t\t\t<\/div>\n\t\t\t\t\t\t<\/div>\n\t\t\t\t<\/div>\n\t\t\t\t<div class=\"elementor-element elementor-element-42b53a5 elementor-widget elementor-widget-text-editor\" data-id=\"42b53a5\" data-element_type=\"widget\" data-widget_type=\"text-editor.default\">\n\t\t\t\t<div class=\"elementor-widget-container\">\n\t\t\t\t\t\t\t\t<div class=\"elementor-text-editor elementor-clearfix\">\n\t\t\t\t<center>Auch Versand m\u00f6glich.<br \/>Preis ca. Euro 315,&#8211; incl. MwSt. zzgl. Versand<br \/>Rechnung mit ausgewiesener Mehrwertsteuer.<\/center><center>\u00a0<\/center><center>\u00a0<\/center><center>Gerne designen wir auch Ihren Holzkorb ganz nach Ihren W\u00fcnschen. Fragen Sie uns oder schicken Sie einfach eine Mail.<\/center>\t\t\t\t\t<\/div>\n\t\t\t\t\t\t<\/div>\n\t\t\t\t<\/div>\n\t\t\t\t\t\t<\/div>\n\t\t\t\t\t<\/div>\n\t\t<\/div>\n\t\t\t\t\t\t\t\t<\/div>\n\t\t\t\t\t<\/div>\n\t\t<\/section>\n\t\t\t\t\t\t\t\t\t<\/div>\n\t\t\t<\/div>\n\t\t\t\t\t<\/div>\n\t\t","protected":false},"excerpt":{"rendered":"<p>Au\u00dfergew\u00f6hnliche Design &#8211; Kaminholzablage aus feinstem geschliffenen Edelstahl 1,5mmDie Funktionalit\u00e4t kombiniert mit exclusivem Design steht hier im Vordergund. Durch die perfekt und stabil verarbeiteten ergonomischen Haltegriffe ist es auch m\u00f6glich gr\u00f6\u00dfere Mengen Holz zu transportieren.Jeder Kaminkorb ist ein Unikat und ein absoluter Blickfang an Ihrem Kamin.Ma\u00dfe ca.Breite 64cmH\u00f6he 40cmTiefe 40cm Auch Versand m\u00f6glich.Preis ca. Euro [&hellip;]<\/p>\n","protected":false},"author":1,"featured_media":0,"parent":0,"menu_order":0,"comment_status":"closed","ping_status":"closed","template":"","meta":[],"_links":{"self":[{"href":"http:\/\/www.creativmetall-modritsch.de\/wordpress\/wp-json\/wp\/v2\/pages\/100"}],"collection":[{"href":"http:\/\/www.creativmetall-modritsch.de\/wordpress\/wp-json\/wp\/v2\/pages"}],"about":[{"href":"http:\/\/www.creativmetall-modritsch.de\/wordpress\/wp-json\/wp\/v2\/types\/page"}],"author":[{"embeddable":true,"href":"http:\/\/www.creativmetall-modritsch.de\/wordpress\/wp-json\/wp\/v2\/users\/1"}],"replies":[{"embeddable":true,"href":"http:\/\/www.creativmetall-modritsch.de\/wordpress\/wp-json\/wp\/v2\/comments?post=100"}],"version-history":[{"count":2,"href":"http:\/\/www.creativmetall-modritsch.de\/wordpress\/wp-json\/wp\/v2\/pages\/100\/revisions"}],"predecessor-version":[{"id":104,"href":"http:\/\/www.creativmetall-modritsch.de\/wordpress\/wp-json\/wp\/v2\/pages\/100\/revisions\/104"}],"wp:attachment":[{"href":"http:\/\/www.creativmetall-modritsch.de\/wordpress\/wp-json\/wp\/v2\/media?parent=100"}],"curies":[{"name":"wp","href":"https:\/\/api.w.org\/{rel}","templated":true}]}}