{"id":41,"date":"2018-12-30T17:03:31","date_gmt":"2018-12-30T16:03:31","guid":{"rendered":"http:\/\/www.creativmetall-modritsch.de\/wordpress\/?page_id=41"},"modified":"2018-12-30T20:01:10","modified_gmt":"2018-12-30T19:01:10","slug":"41-2","status":"publish","type":"page","link":"http:\/\/www.creativmetall-modritsch.de\/wordpress\/","title":{"rendered":"Herzlich Willkommen"},"content":{"rendered":"\t\t<div data-elementor-type=\"wp-post\" data-elementor-id=\"41\" class=\"elementor elementor-41 elementor-bc-flex-widget\">\n\t\t\t\t\t\t<div class=\"elementor-inner\">\n\t\t\t\t<div class=\"elementor-section-wrap\">\n\t\t\t\t\t\t\t\t\t<section class=\"elementor-section elementor-top-section elementor-element elementor-element-d606f83 elementor-section-boxed elementor-section-height-default elementor-section-height-default\" data-id=\"d606f83\" data-element_type=\"section\">\n\t\t\t\t\t\t<div class=\"elementor-container elementor-column-gap-default\">\n\t\t\t\t\t\t\t<div class=\"elementor-row\">\n\t\t\t\t\t<div class=\"elementor-column elementor-col-50 elementor-top-column elementor-element elementor-element-92bffeb\" data-id=\"92bffeb\" data-element_type=\"column\">\n\t\t\t<div class=\"elementor-column-wrap elementor-element-populated\">\n\t\t\t\t\t\t\t<div class=\"elementor-widget-wrap\">\n\t\t\t\t\t\t<div class=\"elementor-element elementor-element-c46d8e9 elementor-widget elementor-widget-image\" data-id=\"c46d8e9\" data-element_type=\"widget\" data-widget_type=\"image.default\">\n\t\t\t\t<div class=\"elementor-widget-container\">\n\t\t\t\t\t\t\t\t<div class=\"elementor-image\">\n\t\t\t\t\t\t\t\t\t\t\t\t<img decoding=\"async\" width=\"400\" height=\"100\" src=\"http:\/\/www.creativmetall-modritsch.de\/wordpress\/wp-content\/uploads\/2018\/12\/herzlichwillkommen.jpg\" class=\"attachment-large size-large wp-image-49\" alt=\"\" loading=\"lazy\" srcset=\"http:\/\/www.creativmetall-modritsch.de\/wordpress\/wp-content\/uploads\/2018\/12\/herzlichwillkommen.jpg 400w, http:\/\/www.creativmetall-modritsch.de\/wordpress\/wp-content\/uploads\/2018\/12\/herzlichwillkommen-300x75.jpg 300w\" sizes=\"(max-width: 400px) 100vw, 400px\" \/>\t\t\t\t\t\t\t\t\t\t\t\t\t\t<\/div>\n\t\t\t\t\t\t<\/div>\n\t\t\t\t<\/div>\n\t\t\t\t<div class=\"elementor-element elementor-element-f0426f3 elementor-widget elementor-widget-text-editor\" data-id=\"f0426f3\" data-element_type=\"widget\" data-widget_type=\"text-editor.default\">\n\t\t\t\t<div class=\"elementor-widget-container\">\n\t\t\t\t\t\t\t\t<div class=\"elementor-text-editor elementor-clearfix\">\n\t\t\t\t<p>Seit 1995 zeichnet sich unser Betrieb durch die Kundenn\u00e4he und die Anpassung<br \/>der Auftr\u00e4ge an die individuellen Kundenw\u00fcnsche aus<\/p>\n<p>Unser Knowhow = Ihr Vorteil<\/p>\n<p>Beratung, Planung, Fertigung und Endmontage.<\/p>\n<p>Alles aus einer Hand<\/p>\n<p>Wir freuen uns auf Sie !<\/p>\t\t\t\t\t<\/div>\n\t\t\t\t\t\t<\/div>\n\t\t\t\t<\/div>\n\t\t\t\t\t\t<\/div>\n\t\t\t\t\t<\/div>\n\t\t<\/div>\n\t\t\t\t<div class=\"elementor-column elementor-col-50 elementor-top-column elementor-element elementor-element-4cd89a5\" data-id=\"4cd89a5\" data-element_type=\"column\">\n\t\t\t<div class=\"elementor-column-wrap elementor-element-populated\">\n\t\t\t\t\t\t\t<div class=\"elementor-widget-wrap\">\n\t\t\t\t\t\t<div class=\"elementor-element elementor-element-33deea7 elementor-widget elementor-widget-image\" data-id=\"33deea7\" data-element_type=\"widget\" data-widget_type=\"image.default\">\n\t\t\t\t<div class=\"elementor-widget-container\">\n\t\t\t\t\t\t\t\t<div class=\"elementor-image\">\n\t\t\t\t\t\t\t\t\t\t\t\t<img decoding=\"async\" width=\"395\" height=\"450\" src=\"http:\/\/www.creativmetall-modritsch.de\/wordpress\/wp-content\/uploads\/2018\/12\/willkommen_tor.jpg\" class=\"attachment-large size-large wp-image-42\" alt=\"\" loading=\"lazy\" srcset=\"http:\/\/www.creativmetall-modritsch.de\/wordpress\/wp-content\/uploads\/2018\/12\/willkommen_tor.jpg 395w, http:\/\/www.creativmetall-modritsch.de\/wordpress\/wp-content\/uploads\/2018\/12\/willkommen_tor-263x300.jpg 263w\" sizes=\"(max-width: 395px) 100vw, 395px\" \/>\t\t\t\t\t\t\t\t\t\t\t\t\t\t<\/div>\n\t\t\t\t\t\t<\/div>\n\t\t\t\t<\/div>\n\t\t\t\t\t\t<\/div>\n\t\t\t\t\t<\/div>\n\t\t<\/div>\n\t\t\t\t\t\t\t\t<\/div>\n\t\t\t\t\t<\/div>\n\t\t<\/section>\n\t\t\t\t<section class=\"elementor-section elementor-top-section elementor-element elementor-element-e2a80b9 elementor-section-boxed elementor-section-height-default elementor-section-height-default\" data-id=\"e2a80b9\" data-element_type=\"section\">\n\t\t\t\t\t\t<div class=\"elementor-container elementor-column-gap-default\">\n\t\t\t\t\t\t\t<div class=\"elementor-row\">\n\t\t\t\t\t<div class=\"elementor-column elementor-col-50 elementor-top-column elementor-element elementor-element-04ee5ce\" data-id=\"04ee5ce\" data-element_type=\"column\">\n\t\t\t<div class=\"elementor-column-wrap elementor-element-populated\">\n\t\t\t\t\t\t\t<div class=\"elementor-widget-wrap\">\n\t\t\t\t\t\t<div class=\"elementor-element elementor-element-850bfca elementor-widget elementor-widget-image\" data-id=\"850bfca\" data-element_type=\"widget\" data-widget_type=\"image.default\">\n\t\t\t\t<div class=\"elementor-widget-container\">\n\t\t\t\t\t\t\t\t<div class=\"elementor-image\">\n\t\t\t\t\t\t\t\t\t\t\t\t<img decoding=\"async\" width=\"400\" height=\"250\" src=\"http:\/\/www.creativmetall-modritsch.de\/wordpress\/wp-content\/uploads\/2018\/12\/willkommenBild2.jpg\" class=\"attachment-large size-large wp-image-51\" alt=\"\" loading=\"lazy\" srcset=\"http:\/\/www.creativmetall-modritsch.de\/wordpress\/wp-content\/uploads\/2018\/12\/willkommenBild2.jpg 400w, http:\/\/www.creativmetall-modritsch.de\/wordpress\/wp-content\/uploads\/2018\/12\/willkommenBild2-300x188.jpg 300w\" sizes=\"(max-width: 400px) 100vw, 400px\" \/>\t\t\t\t\t\t\t\t\t\t\t\t\t\t<\/div>\n\t\t\t\t\t\t<\/div>\n\t\t\t\t<\/div>\n\t\t\t\t\t\t<\/div>\n\t\t\t\t\t<\/div>\n\t\t<\/div>\n\t\t\t\t<div class=\"elementor-column elementor-col-50 elementor-top-column elementor-element elementor-element-78718bf\" data-id=\"78718bf\" data-element_type=\"column\">\n\t\t\t<div class=\"elementor-column-wrap elementor-element-populated\">\n\t\t\t\t\t\t\t<div class=\"elementor-widget-wrap\">\n\t\t\t\t\t\t<div class=\"elementor-element elementor-element-71f63e4 elementor-widget elementor-widget-image\" data-id=\"71f63e4\" data-element_type=\"widget\" data-widget_type=\"image.default\">\n\t\t\t\t<div class=\"elementor-widget-container\">\n\t\t\t\t\t\t\t\t<div class=\"elementor-image\">\n\t\t\t\t\t\t\t\t\t\t\t\t<img decoding=\"async\" width=\"395\" height=\"200\" src=\"http:\/\/www.creativmetall-modritsch.de\/wordpress\/wp-content\/uploads\/2018\/12\/qualit\u00e4t.jpg\" class=\"attachment-large size-large wp-image-50\" alt=\"\" loading=\"lazy\" srcset=\"http:\/\/www.creativmetall-modritsch.de\/wordpress\/wp-content\/uploads\/2018\/12\/qualit\u00e4t.jpg 395w, http:\/\/www.creativmetall-modritsch.de\/wordpress\/wp-content\/uploads\/2018\/12\/qualit\u00e4t-300x152.jpg 300w\" sizes=\"(max-width: 395px) 100vw, 395px\" \/>\t\t\t\t\t\t\t\t\t\t\t\t\t\t<\/div>\n\t\t\t\t\t\t<\/div>\n\t\t\t\t<\/div>\n\t\t\t\t\t\t<\/div>\n\t\t\t\t\t<\/div>\n\t\t<\/div>\n\t\t\t\t\t\t\t\t<\/div>\n\t\t\t\t\t<\/div>\n\t\t<\/section>\n\t\t\t\t\t\t\t\t\t<\/div>\n\t\t\t<\/div>\n\t\t\t\t\t<\/div>\n\t\t","protected":false},"excerpt":{"rendered":"<p>Seit 1995 zeichnet sich unser Betrieb durch die Kundenn\u00e4he und die Anpassung der Auftr\u00e4ge an die individuellen Kundenw\u00fcnsche aus Unser Knowhow = Ihr Vorteil Beratung, Planung, Fertigung und Endmontage. Alles aus einer Hand Wir freuen uns auf Sie !<\/p>\n","protected":false},"author":1,"featured_media":0,"parent":0,"menu_order":0,"comment_status":"closed","ping_status":"closed","template":"","meta":[],"_links":{"self":[{"href":"http:\/\/www.creativmetall-modritsch.de\/wordpress\/wp-json\/wp\/v2\/pages\/41"}],"collection":[{"href":"http:\/\/www.creativmetall-modritsch.de\/wordpress\/wp-json\/wp\/v2\/pages"}],"about":[{"href":"http:\/\/www.creativmetall-modritsch.de\/wordpress\/wp-json\/wp\/v2\/types\/page"}],"author":[{"embeddable":true,"href":"http:\/\/www.creativmetall-modritsch.de\/wordpress\/wp-json\/wp\/v2\/users\/1"}],"replies":[{"embeddable":true,"href":"http:\/\/www.creativmetall-modritsch.de\/wordpress\/wp-json\/wp\/v2\/comments?post=41"}],"version-history":[{"count":4,"href":"http:\/\/www.creativmetall-modritsch.de\/wordpress\/wp-json\/wp\/v2\/pages\/41\/revisions"}],"predecessor-version":[{"id":53,"href":"http:\/\/www.creativmetall-modritsch.de\/wordpress\/wp-json\/wp\/v2\/pages\/41\/revisions\/53"}],"wp:attachment":[{"href":"http:\/\/www.creativmetall-modritsch.de\/wordpress\/wp-json\/wp\/v2\/media?parent=41"}],"curies":[{"name":"wp","href":"https:\/\/api.w.org\/{rel}","templated":true}]}}