{"id":54,"date":"2018-12-30T19:16:50","date_gmt":"2018-12-30T18:16:50","guid":{"rendered":"http:\/\/www.creativmetall-modritsch.de\/wordpress\/?page_id=54"},"modified":"2019-06-28T11:30:22","modified_gmt":"2019-06-28T09:30:22","slug":"ihr-unikat","status":"publish","type":"page","link":"http:\/\/www.creativmetall-modritsch.de\/wordpress\/ihr-unikat\/","title":{"rendered":"Ihr Unikat"},"content":{"rendered":"\t\t<div data-elementor-type=\"wp-post\" data-elementor-id=\"54\" class=\"elementor elementor-54\">\n\t\t\t\t\t\t<div class=\"elementor-inner\">\n\t\t\t\t<div class=\"elementor-section-wrap\">\n\t\t\t\t\t\t\t\t\t<section class=\"elementor-section elementor-top-section elementor-element elementor-element-347533e elementor-section-boxed elementor-section-height-default elementor-section-height-default\" data-id=\"347533e\" data-element_type=\"section\">\n\t\t\t\t\t\t<div class=\"elementor-container elementor-column-gap-default\">\n\t\t\t\t\t\t\t<div class=\"elementor-row\">\n\t\t\t\t\t<div class=\"elementor-column elementor-col-100 elementor-top-column elementor-element elementor-element-0673a4d\" data-id=\"0673a4d\" data-element_type=\"column\">\n\t\t\t<div class=\"elementor-column-wrap elementor-element-populated\">\n\t\t\t\t\t\t\t<div class=\"elementor-widget-wrap\">\n\t\t\t\t\t\t<div class=\"elementor-element elementor-element-877e0c8 elementor-widget elementor-widget-text-editor\" data-id=\"877e0c8\" data-element_type=\"widget\" data-widget_type=\"text-editor.default\">\n\t\t\t\t<div class=\"elementor-widget-container\">\n\t\t\t\t\t\t\t\t<div class=\"elementor-text-editor elementor-clearfix\">\n\t\t\t\t<center>Edelstahl in modernen Formen<\/center>\t\t\t\t\t<\/div>\n\t\t\t\t\t\t<\/div>\n\t\t\t\t<\/div>\n\t\t\t\t<div class=\"elementor-element elementor-element-c991dc8 elementor-widget elementor-widget-image\" data-id=\"c991dc8\" data-element_type=\"widget\" data-widget_type=\"image.default\">\n\t\t\t\t<div class=\"elementor-widget-container\">\n\t\t\t\t\t\t\t\t<div class=\"elementor-image\">\n\t\t\t\t\t\t\t\t\t\t\t\t<img decoding=\"async\" src=\"http:\/\/www.creativmetall-modritsch.de\/wordpress\/wp-content\/uploads\/elementor\/thumbs\/stuhlschrank2-o1al5ruqzs2l0oucz7q2xqrfpn2jz53wfmx9bxtgug.jpg\" title=\"stuhlschrank2\" alt=\"stuhlschrank2\" loading=\"lazy\" \/>\t\t\t\t\t\t\t\t\t\t\t\t\t\t<\/div>\n\t\t\t\t\t\t<\/div>\n\t\t\t\t<\/div>\n\t\t\t\t<div class=\"elementor-element elementor-element-b0f3ab8 elementor-widget elementor-widget-text-editor\" data-id=\"b0f3ab8\" data-element_type=\"widget\" data-widget_type=\"text-editor.default\">\n\t\t\t\t<div class=\"elementor-widget-container\">\n\t\t\t\t\t\t\t\t<div class=\"elementor-text-editor elementor-clearfix\">\n\t\t\t\t<center>Individuelle Konstruktion ganz nach Ihren W\u00fcnschen und Anforderungen.\nDurch Vollauszug und Rollen einfach zu handhaben und trotzdem \u00fcberall flexibel einsetzbar.<\/center>\t\t\t\t\t<\/div>\n\t\t\t\t\t\t<\/div>\n\t\t\t\t<\/div>\n\t\t\t\t\t\t<\/div>\n\t\t\t\t\t<\/div>\n\t\t<\/div>\n\t\t\t\t\t\t\t\t<\/div>\n\t\t\t\t\t<\/div>\n\t\t<\/section>\n\t\t\t\t<section class=\"elementor-section elementor-top-section elementor-element elementor-element-8ba3852 elementor-section-boxed elementor-section-height-default elementor-section-height-default\" data-id=\"8ba3852\" data-element_type=\"section\">\n\t\t\t\t\t\t<div class=\"elementor-container elementor-column-gap-default\">\n\t\t\t\t\t\t\t<div class=\"elementor-row\">\n\t\t\t\t\t<div class=\"elementor-column elementor-col-100 elementor-top-column elementor-element elementor-element-d4763bd\" data-id=\"d4763bd\" data-element_type=\"column\">\n\t\t\t<div class=\"elementor-column-wrap elementor-element-populated\">\n\t\t\t\t\t\t\t<div class=\"elementor-widget-wrap\">\n\t\t\t\t\t\t<div class=\"elementor-element elementor-element-61f12ed elementor-widget elementor-widget-image\" data-id=\"61f12ed\" data-element_type=\"widget\" data-widget_type=\"image.default\">\n\t\t\t\t<div class=\"elementor-widget-container\">\n\t\t\t\t\t\t\t\t<div class=\"elementor-image\">\n\t\t\t\t\t\t\t\t\t\t\t\t<img decoding=\"async\" src=\"http:\/\/www.creativmetall-modritsch.de\/wordpress\/wp-content\/uploads\/elementor\/thumbs\/SDC10526-o1aldluby2slrpgr8lm5prlpx8go4c7diemxay7d8y.jpg\" title=\"SDC10526\" alt=\"SDC10526\" loading=\"lazy\" \/>\t\t\t\t\t\t\t\t\t\t\t\t\t\t<\/div>\n\t\t\t\t\t\t<\/div>\n\t\t\t\t<\/div>\n\t\t\t\t<div class=\"elementor-element elementor-element-3b5e971 elementor-widget elementor-widget-text-editor\" data-id=\"3b5e971\" data-element_type=\"widget\" data-widget_type=\"text-editor.default\">\n\t\t\t\t<div class=\"elementor-widget-container\">\n\t\t\t\t\t\t\t\t<div class=\"elementor-text-editor elementor-clearfix\">\n\t\t\t\t<center>Schlichte und witterungsbest\u00e4ndige Verblendung aus Edelstahl,<\/center>\t\t\t\t\t<\/div>\n\t\t\t\t\t\t<\/div>\n\t\t\t\t<\/div>\n\t\t\t\t\t\t<\/div>\n\t\t\t\t\t<\/div>\n\t\t<\/div>\n\t\t\t\t\t\t\t\t<\/div>\n\t\t\t\t\t<\/div>\n\t\t<\/section>\n\t\t\t\t<section class=\"elementor-section elementor-top-section elementor-element elementor-element-04837ce elementor-section-boxed elementor-section-height-default elementor-section-height-default\" data-id=\"04837ce\" data-element_type=\"section\">\n\t\t\t\t\t\t<div class=\"elementor-container elementor-column-gap-default\">\n\t\t\t\t\t\t\t<div class=\"elementor-row\">\n\t\t\t\t\t<div class=\"elementor-column elementor-col-100 elementor-top-column elementor-element elementor-element-16862e2\" data-id=\"16862e2\" data-element_type=\"column\">\n\t\t\t<div class=\"elementor-column-wrap elementor-element-populated\">\n\t\t\t\t\t\t\t<div class=\"elementor-widget-wrap\">\n\t\t\t\t\t\t<div class=\"elementor-element elementor-element-9e71995 elementor-widget elementor-widget-image\" data-id=\"9e71995\" data-element_type=\"widget\" data-widget_type=\"image.default\">\n\t\t\t\t<div class=\"elementor-widget-container\">\n\t\t\t\t\t\t\t\t<div class=\"elementor-image\">\n\t\t\t\t\t\t\t\t\t\t\t\t<img decoding=\"async\" src=\"http:\/\/www.creativmetall-modritsch.de\/wordpress\/wp-content\/uploads\/elementor\/thumbs\/IMG_5056-2-o1alf5at5awisp878rl5avlwyyvbqhbje14km9x394.jpg\" title=\"IMG_5056-2\" alt=\"IMG_5056-2\" loading=\"lazy\" \/>\t\t\t\t\t\t\t\t\t\t\t\t\t\t<\/div>\n\t\t\t\t\t\t<\/div>\n\t\t\t\t<\/div>\n\t\t\t\t<div class=\"elementor-element elementor-element-49a98c1 elementor-widget elementor-widget-text-editor\" data-id=\"49a98c1\" data-element_type=\"widget\" data-widget_type=\"text-editor.default\">\n\t\t\t\t<div class=\"elementor-widget-container\">\n\t\t\t\t\t\t\t\t<div class=\"elementor-text-editor elementor-clearfix\">\n\t\t\t\t<center>\u00dcber fazinierende Windspiele<\/center>\t\t\t\t\t<\/div>\n\t\t\t\t\t\t<\/div>\n\t\t\t\t<\/div>\n\t\t\t\t\t\t<\/div>\n\t\t\t\t\t<\/div>\n\t\t<\/div>\n\t\t\t\t\t\t\t\t<\/div>\n\t\t\t\t\t<\/div>\n\t\t<\/section>\n\t\t\t\t<section class=\"elementor-section elementor-top-section elementor-element elementor-element-c39e9ac elementor-section-boxed elementor-section-height-default elementor-section-height-default\" data-id=\"c39e9ac\" data-element_type=\"section\">\n\t\t\t\t\t\t<div class=\"elementor-container elementor-column-gap-default\">\n\t\t\t\t\t\t\t<div class=\"elementor-row\">\n\t\t\t\t\t<div class=\"elementor-column elementor-col-100 elementor-top-column elementor-element elementor-element-4b3ef8f\" data-id=\"4b3ef8f\" data-element_type=\"column\">\n\t\t\t<div class=\"elementor-column-wrap elementor-element-populated\">\n\t\t\t\t\t\t\t<div class=\"elementor-widget-wrap\">\n\t\t\t\t\t\t<div class=\"elementor-element elementor-element-0ef5769 elementor-widget elementor-widget-image\" data-id=\"0ef5769\" data-element_type=\"widget\" data-widget_type=\"image.default\">\n\t\t\t\t<div class=\"elementor-widget-container\">\n\t\t\t\t\t\t\t\t<div class=\"elementor-image\">\n\t\t\t\t\t\t\t\t\t\t\t\t<img decoding=\"async\" src=\"http:\/\/www.creativmetall-modritsch.de\/wordpress\/wp-content\/uploads\/elementor\/thumbs\/13-o1alob85s5g5ztwyq87742cph7p5s8pbne402ebz48.jpg\" title=\"13\" alt=\"13\" loading=\"lazy\" \/>\t\t\t\t\t\t\t\t\t\t\t\t\t\t<\/div>\n\t\t\t\t\t\t<\/div>\n\t\t\t\t<\/div>\n\t\t\t\t<div class=\"elementor-element elementor-element-d813409 elementor-widget elementor-widget-text-editor\" data-id=\"d813409\" data-element_type=\"widget\" data-widget_type=\"text-editor.default\">\n\t\t\t\t<div class=\"elementor-widget-container\">\n\t\t\t\t\t\t\t\t<div class=\"elementor-text-editor elementor-clearfix\">\n\t\t\t\t<center>Bis hin zu ganzen Eing\u00e4ngen, die Ihr Auftreten einmalig macht.<\/center>\t\t\t\t\t<\/div>\n\t\t\t\t\t\t<\/div>\n\t\t\t\t<\/div>\n\t\t\t\t\t\t<\/div>\n\t\t\t\t\t<\/div>\n\t\t<\/div>\n\t\t\t\t\t\t\t\t<\/div>\n\t\t\t\t\t<\/div>\n\t\t<\/section>\n\t\t\t\t<section class=\"elementor-section elementor-top-section elementor-element elementor-element-31e5f90 elementor-section-boxed elementor-section-height-default elementor-section-height-default\" data-id=\"31e5f90\" data-element_type=\"section\">\n\t\t\t\t\t\t<div class=\"elementor-container elementor-column-gap-default\">\n\t\t\t\t\t\t\t<div class=\"elementor-row\">\n\t\t\t\t\t<div class=\"elementor-column elementor-col-100 elementor-top-column elementor-element elementor-element-eca1583\" data-id=\"eca1583\" data-element_type=\"column\">\n\t\t\t<div class=\"elementor-column-wrap elementor-element-populated\">\n\t\t\t\t\t\t\t<div class=\"elementor-widget-wrap\">\n\t\t\t\t\t\t<div class=\"elementor-element elementor-element-1358985 elementor-widget elementor-widget-image\" data-id=\"1358985\" data-element_type=\"widget\" data-widget_type=\"image.default\">\n\t\t\t\t<div class=\"elementor-widget-container\">\n\t\t\t\t\t\t\t\t<div class=\"elementor-image\">\n\t\t\t\t\t\t\t\t\t\t\t\t<img decoding=\"async\" src=\"http:\/\/www.creativmetall-modritsch.de\/wordpress\/wp-content\/uploads\/elementor\/thumbs\/Rollstuhlgerechte-Aufstieghilfe-f\u00fcr-Hippotherapie-o9za0go8l28lnzezxtpyxni4wjpxsbdhoir0msieuw.jpg\" title=\"Rollstuhlgerechte Aufstieghilfe f\u00fcr Hippotherapie\" alt=\"Rollstuhlgerechte Aufstieghilfe f\u00fcr Hippotherapie\" loading=\"lazy\" \/>\t\t\t\t\t\t\t\t\t\t\t\t\t\t<\/div>\n\t\t\t\t\t\t<\/div>\n\t\t\t\t<\/div>\n\t\t\t\t<div class=\"elementor-element elementor-element-01dd02e elementor-widget elementor-widget-text-editor\" data-id=\"01dd02e\" data-element_type=\"widget\" data-widget_type=\"text-editor.default\">\n\t\t\t\t<div class=\"elementor-widget-container\">\n\t\t\t\t\t\t\t\t<div class=\"elementor-text-editor elementor-clearfix\">\n\t\t\t\t<p><\/p>Rollstuhlgerechte Aufstieghilfe f\u00fcr Hippotherapie\n<p><\/p>\t\t\t\t\t<\/div>\n\t\t\t\t\t\t<\/div>\n\t\t\t\t<\/div>\n\t\t\t\t\t\t<\/div>\n\t\t\t\t\t<\/div>\n\t\t<\/div>\n\t\t\t\t\t\t\t\t<\/div>\n\t\t\t\t\t<\/div>\n\t\t<\/section>\n\t\t\t\t<section class=\"elementor-section elementor-top-section elementor-element elementor-element-4201b69 elementor-section-boxed elementor-section-height-default elementor-section-height-default\" data-id=\"4201b69\" data-element_type=\"section\">\n\t\t\t\t\t\t<div class=\"elementor-container elementor-column-gap-default\">\n\t\t\t\t\t\t\t<div class=\"elementor-row\">\n\t\t\t\t\t<div class=\"elementor-column elementor-col-100 elementor-top-column elementor-element elementor-element-467984b\" data-id=\"467984b\" data-element_type=\"column\">\n\t\t\t<div class=\"elementor-column-wrap elementor-element-populated\">\n\t\t\t\t\t\t\t<div class=\"elementor-widget-wrap\">\n\t\t\t\t\t\t<div class=\"elementor-element elementor-element-0d0188f elementor-widget elementor-widget-image\" data-id=\"0d0188f\" data-element_type=\"widget\" data-widget_type=\"image.default\">\n\t\t\t\t<div class=\"elementor-widget-container\">\n\t\t\t\t\t\t\t\t<div class=\"elementor-image\">\n\t\t\t\t\t\t\t\t\t\t\t\t<img decoding=\"async\" src=\"http:\/\/www.creativmetall-modritsch.de\/wordpress\/wp-content\/uploads\/elementor\/thumbs\/Sonderanfertigung-f\u00fcr-Schmiede-o9za4735qdcls7zr4xtmc7l1unbfd173v01g9cz5xu.jpg\" title=\"Sonderanfertigung f\u00fcr Schmiede\" alt=\"Sonderanfertigung f\u00fcr Schmiede\" loading=\"lazy\" \/>\t\t\t\t\t\t\t\t\t\t\t\t\t\t<\/div>\n\t\t\t\t\t\t<\/div>\n\t\t\t\t<\/div>\n\t\t\t\t<div class=\"elementor-element elementor-element-f74ae57 elementor-widget elementor-widget-image\" data-id=\"f74ae57\" data-element_type=\"widget\" data-widget_type=\"image.default\">\n\t\t\t\t<div class=\"elementor-widget-container\">\n\t\t\t\t\t\t\t\t<div class=\"elementor-image\">\n\t\t\t\t\t\t\t\t\t\t\t\t<img decoding=\"async\" src=\"http:\/\/www.creativmetall-modritsch.de\/wordpress\/wp-content\/uploads\/elementor\/thumbs\/Sonderanfertigung-f\u00fcr-Schmiede-1-o9za4zabfef7giuska0ff0gvo7gfryb1yvm0nntcr6.jpg\" title=\"Sonderanfertigung f\u00fcr Schmiede\" alt=\"Sonderanfertigung f\u00fcr Schmiede\" loading=\"lazy\" \/>\t\t\t\t\t\t\t\t\t\t\t\t\t\t<\/div>\n\t\t\t\t\t\t<\/div>\n\t\t\t\t<\/div>\n\t\t\t\t<div class=\"elementor-element elementor-element-2333e00 elementor-widget elementor-widget-text-editor\" data-id=\"2333e00\" data-element_type=\"widget\" data-widget_type=\"text-editor.default\">\n\t\t\t\t<div class=\"elementor-widget-container\">\n\t\t\t\t\t\t\t\t<div class=\"elementor-text-editor elementor-clearfix\">\n\t\t\t\t<p>Sonderanfertigung f\u00fcr Schmiede<\/p>\t\t\t\t\t<\/div>\n\t\t\t\t\t\t<\/div>\n\t\t\t\t<\/div>\n\t\t\t\t\t\t<\/div>\n\t\t\t\t\t<\/div>\n\t\t<\/div>\n\t\t\t\t\t\t\t\t<\/div>\n\t\t\t\t\t<\/div>\n\t\t<\/section>\n\t\t\t\t\t\t\t\t\t<\/div>\n\t\t\t<\/div>\n\t\t\t\t\t<\/div>\n\t\t","protected":false},"excerpt":{"rendered":"<p>Edelstahl in modernen Formen Individuelle Konstruktion ganz nach Ihren W\u00fcnschen und Anforderungen. Durch Vollauszug und Rollen einfach zu handhaben und trotzdem \u00fcberall flexibel einsetzbar. Schlichte und witterungsbest\u00e4ndige Verblendung aus Edelstahl, \u00dcber fazinierende Windspiele Bis hin zu ganzen Eing\u00e4ngen, die Ihr Auftreten einmalig macht. Rollstuhlgerechte Aufstieghilfe f\u00fcr Hippotherapie Sonderanfertigung f\u00fcr Schmiede<\/p>\n","protected":false},"author":1,"featured_media":0,"parent":0,"menu_order":0,"comment_status":"closed","ping_status":"closed","template":"","meta":[],"_links":{"self":[{"href":"http:\/\/www.creativmetall-modritsch.de\/wordpress\/wp-json\/wp\/v2\/pages\/54"}],"collection":[{"href":"http:\/\/www.creativmetall-modritsch.de\/wordpress\/wp-json\/wp\/v2\/pages"}],"about":[{"href":"http:\/\/www.creativmetall-modritsch.de\/wordpress\/wp-json\/wp\/v2\/types\/page"}],"author":[{"embeddable":true,"href":"http:\/\/www.creativmetall-modritsch.de\/wordpress\/wp-json\/wp\/v2\/users\/1"}],"replies":[{"embeddable":true,"href":"http:\/\/www.creativmetall-modritsch.de\/wordpress\/wp-json\/wp\/v2\/comments?post=54"}],"version-history":[{"count":16,"href":"http:\/\/www.creativmetall-modritsch.de\/wordpress\/wp-json\/wp\/v2\/pages\/54\/revisions"}],"predecessor-version":[{"id":265,"href":"http:\/\/www.creativmetall-modritsch.de\/wordpress\/wp-json\/wp\/v2\/pages\/54\/revisions\/265"}],"wp:attachment":[{"href":"http:\/\/www.creativmetall-modritsch.de\/wordpress\/wp-json\/wp\/v2\/media?parent=54"}],"curies":[{"name":"wp","href":"https:\/\/api.w.org\/{rel}","templated":true}]}}